{"id":8,"date":"2016-06-16T10:14:43","date_gmt":"2016-06-16T10:14:43","guid":{"rendered":"http:\/\/www.intermedia-venture.de\/?page_id=8"},"modified":"2016-08-12T08:46:11","modified_gmt":"2016-08-12T08:46:11","slug":"fachmedien","status":"publish","type":"page","link":"https:\/\/www.intermedia-venture.de\/gb\/fachmedien\/","title":{"rendered":"Fachmedien"},"content":{"rendered":"<div class='content-column one_fourth'><div style=\"padding-right:10px;padding-left:10px;\"><p style=\"text-align: center;\"><a href=\"http:\/\/www.anwaltverlag.de\" target=\"_blank\"><img loading=\"lazy\" decoding=\"async\" class=\"wp-image-28 aligncenter\" src=\"http:\/\/www.intermedia-venture.de\/wp-content\/uploads\/2016\/06\/anwaltverlag.gif\" alt=\"anwaltverlag\" width=\"147\" height=\"60\" \/><\/a>Anwaltverlag-Gruppe mit den Marken Deutscher Anwaltverlag, ZAP Verlag, Deutscher Notarverlag und zerb Verlag<\/p><\/div><\/div>\n<div class='content-column one_fourth'><div style=\"padding-right:10px;padding-left:10px;\"><p style=\"text-align: center;\"><a href=\"http:\/\/www.medialog.de\" target=\"_blank\"><img loading=\"lazy\" decoding=\"async\" class=\"wp-image-36 aligncenter\" src=\"http:\/\/www.intermedia-venture.de\/wp-content\/uploads\/2016\/06\/logo_fm_medialog-1.jpg\" alt=\"logo_fm_medialog\" width=\"174\" height=\"60\" \/><\/a>Medien f\u00fcr Handel und Handwerk mit dem Fokus Food-Branche<\/p><\/div><\/div>\n<div class='content-column one_fourth'><div style=\"padding-right:10px;padding-left:10px;\"><p style=\"text-align: center;\"><a href=\"http:\/\/www.walhalla.de\" target=\"_blank\"><img loading=\"lazy\" decoding=\"async\" class=\"wp-image-33 aligncenter\" src=\"http:\/\/www.intermedia-venture.de\/wp-content\/uploads\/2016\/06\/logo_fm_walhalla.png\" alt=\"logo_fm_walhalla\" width=\"135\" height=\"60\" \/><\/a>Fachverlag mit den Schwerpunkten \u00f6ffentlicher Dienst, Verwaltung, Soziales, Gesundheit, Wirtschaft, Bundeswehr<\/p><\/div><\/div>\n<div class='content-column one_fourth last_column'><div style=\"padding-right:10px;padding-left:10px;\"><p style=\"text-align: center;\"><a href=\"http:\/\/www.fachschriften.de\" target=\"_blank\"><img loading=\"lazy\" decoding=\"async\" class=\"wp-image-34 aligncenter\" src=\"http:\/\/www.intermedia-venture.de\/wp-content\/uploads\/2016\/06\/logo_fm_fachschriften.jpg\" alt=\"logo_fm_fachschriften\" width=\"92\" height=\"60\" \/><\/a>Informationen f\u00fcr private Bauherren und Modernisierer<\/p><\/div><\/div><div class='clear_column'><\/div>\n<p>&nbsp;<\/p>\n<div class='content-column one_fourth'><div style=\"padding-right:10px;padding-left:10px;\"><p><a href=\"http:\/\/www.tophair.de\" target=\"_blank\"><img loading=\"lazy\" decoding=\"async\" class=\"wp-image-38 aligncenter\" src=\"http:\/\/www.intermedia-venture.de\/wp-content\/uploads\/2016\/06\/logo_fm_tophair.png\" alt=\"logo_fm_tophair\" width=\"181\" height=\"60\" \/><\/a><\/p>\n<p style=\"text-align: center;\">TOP HAIR INTERNATIONAL \u2013 das f\u00fchrende Fachmagazin f\u00fcr Friseure im deutschsprachigen Raum<\/p><\/div><\/div>\n<div class='content-column one_fourth'><div style=\"padding-right:10px;padding-left:10px;\"><p><a href=\"http:\/\/www.kosmetik-international.de\" target=\"_blank\"><img loading=\"lazy\" decoding=\"async\" class=\"wp-image-40 aligncenter\" src=\"http:\/\/www.intermedia-venture.de\/wp-content\/uploads\/2016\/06\/logo_fm_ki-verlag_2-300x101.jpg\" alt=\"logo_fm_ki-verlag_2\" width=\"177\" height=\"60\" srcset=\"https:\/\/www.intermedia-venture.de\/wp-content\/uploads\/2016\/06\/logo_fm_ki-verlag_2-300x101.jpg 300w, https:\/\/www.intermedia-venture.de\/wp-content\/uploads\/2016\/06\/logo_fm_ki-verlag_2.jpg 337w\" sizes=\"(max-width: 177px) 100vw, 177px\" \/><\/a><\/p>\n<p style=\"text-align: center;\">Medien f\u00fcr Kosmetik-, Nagel- und Fu\u00dfpflege-Profis<\/p><\/div><\/div>\n<div class='content-column one_fourth'><div style=\"padding-right:10px;padding-left:10px;\"><p><a href=\"http:\/\/www.bol-systemhaus.de\" target=\"_blank\"><img loading=\"lazy\" decoding=\"async\" class=\"wp-image-41 aligncenter\" src=\"http:\/\/www.intermedia-venture.de\/wp-content\/uploads\/2016\/06\/logo_fm_bol.jpg\" alt=\"logo_fm_bol\" width=\"63\" height=\"60\" \/><\/a><\/p>\n<p style=\"text-align: center;\">bol &#8211; Beh\u00f6rden Online Systemhaus mit L\u00f6sungen f\u00fcr ganzheitliches eGovernment<\/p><\/div><\/div>\n<div class='content-column one_fourth last_column'><div style=\"padding-right:10px;padding-left:10px;\"><p><a href=\"http:\/\/www.deichmann-fuchs.de\" target=\"_blank\"><img loading=\"lazy\" decoding=\"async\" class=\"wp-image-43 aligncenter\" src=\"http:\/\/www.intermedia-venture.de\/wp-content\/uploads\/2016\/06\/logo_fm_deichmann-fuchs.jpg\" alt=\"logo_fm_deichmann-fuchs\" width=\"249\" height=\"60\" \/><\/a><\/p>\n<p style=\"text-align: center;\">Fachverlag mit den Themengebieten IT-Sicherheit, Datenschutz, Arbeitsstellensicherung und betriebliche Mitbestimmung<\/p><\/div><\/div><div class='clear_column'><\/div>\n","protected":false},"excerpt":{"rendered":"<p>&nbsp;<\/p>\n","protected":false},"author":2,"featured_media":0,"parent":0,"menu_order":0,"comment_status":"closed","ping_status":"closed","template":"","meta":{"footnotes":""},"translation":{"provider":"WPGlobus","version":"3.0.0","language":"gb","enabled_languages":["de","gb"],"languages":{"de":{"title":true,"content":true,"excerpt":false},"gb":{"title":false,"content":false,"excerpt":false}}},"yoast_head":"<!-- This site is optimized with the Yoast SEO plugin v24.5 - https:\/\/yoast.com\/wordpress\/plugins\/seo\/ -->\n<title>Fachmedien - intermedia-venture.de<\/title>\n<meta name=\"robots\" content=\"index, follow, max-snippet:-1, max-image-preview:large, max-video-preview:-1\" \/>\n<link rel=\"canonical\" href=\"https:\/\/www.intermedia-venture.de\/fachmedien\/\" \/>\n<meta property=\"og:locale\" content=\"en_GB\" \/>\n<meta property=\"og:type\" content=\"article\" \/>\n<meta property=\"og:title\" content=\"Fachmedien - intermedia-venture.de\" \/>\n<meta property=\"og:url\" content=\"https:\/\/www.intermedia-venture.de\/fachmedien\/\" \/>\n<meta property=\"og:site_name\" content=\"intermedia-venture.de\" \/>\n<meta property=\"article:modified_time\" content=\"2016-08-12T08:46:11+00:00\" \/>\n<meta property=\"og:image\" content=\"http:\/\/www.intermedia-venture.de\/wp-content\/uploads\/2016\/06\/anwaltverlag.gif\" \/>\n<meta name=\"twitter:card\" content=\"summary_large_image\" \/>\n<meta name=\"twitter:label1\" content=\"Est. reading time\" \/>\n\t<meta name=\"twitter:data1\" content=\"1 minute\" \/>\n<script type=\"application\/ld+json\" class=\"yoast-schema-graph\">{\"@context\":\"https:\/\/schema.org\",\"@graph\":[{\"@type\":\"WebPage\",\"@id\":\"https:\/\/www.intermedia-venture.de\/fachmedien\/\",\"url\":\"https:\/\/www.intermedia-venture.de\/fachmedien\/\",\"name\":\"Fachmedien - intermedia-venture.de\",\"isPartOf\":{\"@id\":\"https:\/\/www.intermedia-venture.de\/#website\"},\"primaryImageOfPage\":{\"@id\":\"https:\/\/www.intermedia-venture.de\/fachmedien\/#primaryimage\"},\"image\":{\"@id\":\"https:\/\/www.intermedia-venture.de\/fachmedien\/#primaryimage\"},\"thumbnailUrl\":\"http:\/\/www.intermedia-venture.de\/wp-content\/uploads\/2016\/06\/anwaltverlag.gif\",\"datePublished\":\"2016-06-16T10:14:43+00:00\",\"dateModified\":\"2016-08-12T08:46:11+00:00\",\"breadcrumb\":{\"@id\":\"https:\/\/www.intermedia-venture.de\/fachmedien\/#breadcrumb\"},\"inLanguage\":\"en-GB\",\"potentialAction\":[{\"@type\":\"ReadAction\",\"target\":[\"https:\/\/www.intermedia-venture.de\/fachmedien\/\"]}]},{\"@type\":\"ImageObject\",\"inLanguage\":\"en-GB\",\"@id\":\"https:\/\/www.intermedia-venture.de\/fachmedien\/#primaryimage\",\"url\":\"http:\/\/www.intermedia-venture.de\/wp-content\/uploads\/2016\/06\/anwaltverlag.gif\",\"contentUrl\":\"http:\/\/www.intermedia-venture.de\/wp-content\/uploads\/2016\/06\/anwaltverlag.gif\"},{\"@type\":\"BreadcrumbList\",\"@id\":\"https:\/\/www.intermedia-venture.de\/fachmedien\/#breadcrumb\",\"itemListElement\":[{\"@type\":\"ListItem\",\"position\":1,\"name\":\"Startseite\",\"item\":\"https:\/\/www.intermedia-venture.de\/\"},{\"@type\":\"ListItem\",\"position\":2,\"name\":\"Fachmedien\"}]},{\"@type\":\"WebSite\",\"@id\":\"https:\/\/www.intermedia-venture.de\/#website\",\"url\":\"https:\/\/www.intermedia-venture.de\/\",\"name\":\"intermedia-venture.de\",\"description\":\"\",\"potentialAction\":[{\"@type\":\"SearchAction\",\"target\":{\"@type\":\"EntryPoint\",\"urlTemplate\":\"https:\/\/www.intermedia-venture.de\/?s={search_term_string}\"},\"query-input\":{\"@type\":\"PropertyValueSpecification\",\"valueRequired\":true,\"valueName\":\"search_term_string\"}}],\"inLanguage\":\"en-GB\"}]}<\/script>\n<!-- \/ Yoast SEO plugin. -->","yoast_head_json":{"title":"Fachmedien - intermedia-venture.de","robots":{"index":"index","follow":"follow","max-snippet":"max-snippet:-1","max-image-preview":"max-image-preview:large","max-video-preview":"max-video-preview:-1"},"canonical":"https:\/\/www.intermedia-venture.de\/fachmedien\/","og_locale":"en_GB","og_type":"article","og_title":"Fachmedien - intermedia-venture.de","og_url":"https:\/\/www.intermedia-venture.de\/fachmedien\/","og_site_name":"intermedia-venture.de","article_modified_time":"2016-08-12T08:46:11+00:00","og_image":[{"url":"http:\/\/www.intermedia-venture.de\/wp-content\/uploads\/2016\/06\/anwaltverlag.gif","type":"","width":"","height":""}],"twitter_card":"summary_large_image","twitter_misc":{"Est. reading time":"1 minute"},"schema":{"@context":"https:\/\/schema.org","@graph":[{"@type":"WebPage","@id":"https:\/\/www.intermedia-venture.de\/fachmedien\/","url":"https:\/\/www.intermedia-venture.de\/fachmedien\/","name":"Fachmedien - intermedia-venture.de","isPartOf":{"@id":"https:\/\/www.intermedia-venture.de\/#website"},"primaryImageOfPage":{"@id":"https:\/\/www.intermedia-venture.de\/fachmedien\/#primaryimage"},"image":{"@id":"https:\/\/www.intermedia-venture.de\/fachmedien\/#primaryimage"},"thumbnailUrl":"http:\/\/www.intermedia-venture.de\/wp-content\/uploads\/2016\/06\/anwaltverlag.gif","datePublished":"2016-06-16T10:14:43+00:00","dateModified":"2016-08-12T08:46:11+00:00","breadcrumb":{"@id":"https:\/\/www.intermedia-venture.de\/fachmedien\/#breadcrumb"},"inLanguage":"en-GB","potentialAction":[{"@type":"ReadAction","target":["https:\/\/www.intermedia-venture.de\/fachmedien\/"]}]},{"@type":"ImageObject","inLanguage":"en-GB","@id":"https:\/\/www.intermedia-venture.de\/fachmedien\/#primaryimage","url":"http:\/\/www.intermedia-venture.de\/wp-content\/uploads\/2016\/06\/anwaltverlag.gif","contentUrl":"http:\/\/www.intermedia-venture.de\/wp-content\/uploads\/2016\/06\/anwaltverlag.gif"},{"@type":"BreadcrumbList","@id":"https:\/\/www.intermedia-venture.de\/fachmedien\/#breadcrumb","itemListElement":[{"@type":"ListItem","position":1,"name":"Startseite","item":"https:\/\/www.intermedia-venture.de\/"},{"@type":"ListItem","position":2,"name":"Fachmedien"}]},{"@type":"WebSite","@id":"https:\/\/www.intermedia-venture.de\/#website","url":"https:\/\/www.intermedia-venture.de\/","name":"intermedia-venture.de","description":"","potentialAction":[{"@type":"SearchAction","target":{"@type":"EntryPoint","urlTemplate":"https:\/\/www.intermedia-venture.de\/?s={search_term_string}"},"query-input":{"@type":"PropertyValueSpecification","valueRequired":true,"valueName":"search_term_string"}}],"inLanguage":"en-GB"}]}},"_links":{"self":[{"href":"https:\/\/www.intermedia-venture.de\/gb\/wp-json\/wp\/v2\/pages\/8"}],"collection":[{"href":"https:\/\/www.intermedia-venture.de\/gb\/wp-json\/wp\/v2\/pages"}],"about":[{"href":"https:\/\/www.intermedia-venture.de\/gb\/wp-json\/wp\/v2\/types\/page"}],"author":[{"embeddable":true,"href":"https:\/\/www.intermedia-venture.de\/gb\/wp-json\/wp\/v2\/users\/2"}],"replies":[{"embeddable":true,"href":"https:\/\/www.intermedia-venture.de\/gb\/wp-json\/wp\/v2\/comments?post=8"}],"version-history":[{"count":28,"href":"https:\/\/www.intermedia-venture.de\/gb\/wp-json\/wp\/v2\/pages\/8\/revisions"}],"predecessor-version":[{"id":309,"href":"https:\/\/www.intermedia-venture.de\/gb\/wp-json\/wp\/v2\/pages\/8\/revisions\/309"}],"wp:attachment":[{"href":"https:\/\/www.intermedia-venture.de\/gb\/wp-json\/wp\/v2\/media?parent=8"}],"curies":[{"name":"wp","href":"https:\/\/api.w.org\/{rel}","templated":true}]}}